{"id":398,"date":"2020-02-02T21:27:14","date_gmt":"2020-02-03T02:27:14","guid":{"rendered":"http:\/\/marcldufour.ca\/wplmd01\/?page_id=398"},"modified":"2023-09-18T07:09:46","modified_gmt":"2023-09-18T12:09:46","slug":"liens","status":"publish","type":"page","link":"https:\/\/marcldufour.ca\/wplmd01\/index.php\/liens\/","title":{"rendered":"Liens"},"content":{"rendered":"\n<p>Le <a href=\"http:\/\/concoursdemusiquecdlm.com\/\">Concours de musique du Ch\u0153ur de la montagne<\/a> (CDLM)<\/p>\n\n\n\n<p><a href=\"http:\/\/www.lareleve.qc.ca\/choeur-de-montagne-leglise-de-sainte-julie-grand-succes\/\">Le Ch\u0153ur de la montagne dans l&#8217;\u00e9glise de Ste-Julie<\/a> (La Rel\u00e8ve, 3 mai 2018)<\/p>\n","protected":false},"excerpt":{"rendered":"<p>Le Concours de musique du Ch\u0153ur de la montagne (CDLM) Le Ch\u0153ur de la montagne dans l&#8217;\u00e9glise de Ste-Julie (La Rel\u00e8ve, 3 mai 2018)<\/p>\n","protected":false},"author":1,"featured_media":0,"parent":0,"menu_order":0,"comment_status":"closed","ping_status":"closed","template":"","meta":{"footnotes":""},"class_list":["post-398","page","type-page","status-publish","hentry"],"_links":{"self":[{"href":"https:\/\/marcldufour.ca\/wplmd01\/index.php\/wp-json\/wp\/v2\/pages\/398","targetHints":{"allow":["GET"]}}],"collection":[{"href":"https:\/\/marcldufour.ca\/wplmd01\/index.php\/wp-json\/wp\/v2\/pages"}],"about":[{"href":"https:\/\/marcldufour.ca\/wplmd01\/index.php\/wp-json\/wp\/v2\/types\/page"}],"author":[{"embeddable":true,"href":"https:\/\/marcldufour.ca\/wplmd01\/index.php\/wp-json\/wp\/v2\/users\/1"}],"replies":[{"embeddable":true,"href":"https:\/\/marcldufour.ca\/wplmd01\/index.php\/wp-json\/wp\/v2\/comments?post=398"}],"version-history":[{"count":12,"href":"https:\/\/marcldufour.ca\/wplmd01\/index.php\/wp-json\/wp\/v2\/pages\/398\/revisions"}],"predecessor-version":[{"id":510,"href":"https:\/\/marcldufour.ca\/wplmd01\/index.php\/wp-json\/wp\/v2\/pages\/398\/revisions\/510"}],"wp:attachment":[{"href":"https:\/\/marcldufour.ca\/wplmd01\/index.php\/wp-json\/wp\/v2\/media?parent=398"}],"curies":[{"name":"wp","href":"https:\/\/api.w.org\/{rel}","templated":true}]}}