{"id":374,"date":"2020-01-30T15:55:02","date_gmt":"2020-01-30T20:55:02","guid":{"rendered":"http:\/\/marcldufour.ca\/wplmd01\/?page_id=374"},"modified":"2020-01-30T17:33:34","modified_gmt":"2020-01-30T22:33:34","slug":"acompananos","status":"publish","type":"page","link":"https:\/\/marcldufour.ca\/wplmd01\/index.php\/es\/iniciar-sesion\/acompananos\/","title":{"rendered":"Acomp\u00e1\u00f1anos"},"content":{"rendered":"<p><!--StartFragment--><\/p>\n\n\n<p>Si vous \u00eates int\u00e9ress\u00e9 \u00e0 vous joindre \u00e0 notre groupe, alors veuillez \u00e9crire un courriel contenant les informations suivantes:<\/p>\n\n\n\n<ol class=\"wp-block-list\"><li>Nom, Pr\u00e9nom<\/li><li>Ville, Pays<\/li><li>Adresse de courriel (l&#8217;adresse sera v\u00e9rifi\u00e9e automatiquement)<\/li><li>Un cours texte expliquant votre int\u00e9r\u00eat pour ce site.<\/li><\/ol>\n\n\n\n<p>Envoyez le courriel \u00e0:&nbsp;<a href=\"mailto:info@marcldufour.ca\">info@marcldufour.ca<\/a><\/p>\n\n\n\n<p>Vous obtiendrez l&#8217;acc\u00e8s au contenu g\u00e9n\u00e9ral r\u00e9serv\u00e9 aux membres.<\/p>\n\n\n\n<p><em><strong>Il n&#8217;y a pas de frais d&#8217;adh\u00e9sion!<\/strong><\/em><\/p>\n\n\n\n<p>Webadmin<\/p>\n\n\n<p><!--EndFragment--><\/p>","protected":false},"excerpt":{"rendered":"<p>Si vous \u00eates int\u00e9ress\u00e9 \u00e0 vous joindre \u00e0 notre groupe, alors veuillez \u00e9crire un courriel contenant les informations suivantes: Nom, Pr\u00e9nom Ville, Pays Adresse de courriel (l&#8217;adresse sera v\u00e9rifi\u00e9e automatiquement) Un cours texte expliquant votre int\u00e9r\u00eat pour ce site. Envoyez le courriel \u00e0:&nbsp;info@marcldufour.ca Vous obtiendrez l&#8217;acc\u00e8s au contenu g\u00e9n\u00e9ral r\u00e9serv\u00e9 aux membres. Il n&#8217;y a <a class=\"more-link\" href=\"https:\/\/marcldufour.ca\/wplmd01\/index.php\/es\/iniciar-sesion\/acompananos\/\">lmd_read_more<\/a><\/p>\n","protected":false},"author":1,"featured_media":0,"parent":258,"menu_order":0,"comment_status":"closed","ping_status":"closed","template":"","meta":{"footnotes":""},"class_list":["post-374","page","type-page","status-publish","hentry"],"_links":{"self":[{"href":"https:\/\/marcldufour.ca\/wplmd01\/index.php\/wp-json\/wp\/v2\/pages\/374","targetHints":{"allow":["GET"]}}],"collection":[{"href":"https:\/\/marcldufour.ca\/wplmd01\/index.php\/wp-json\/wp\/v2\/pages"}],"about":[{"href":"https:\/\/marcldufour.ca\/wplmd01\/index.php\/wp-json\/wp\/v2\/types\/page"}],"author":[{"embeddable":true,"href":"https:\/\/marcldufour.ca\/wplmd01\/index.php\/wp-json\/wp\/v2\/users\/1"}],"replies":[{"embeddable":true,"href":"https:\/\/marcldufour.ca\/wplmd01\/index.php\/wp-json\/wp\/v2\/comments?post=374"}],"version-history":[{"count":1,"href":"https:\/\/marcldufour.ca\/wplmd01\/index.php\/wp-json\/wp\/v2\/pages\/374\/revisions"}],"predecessor-version":[{"id":375,"href":"https:\/\/marcldufour.ca\/wplmd01\/index.php\/wp-json\/wp\/v2\/pages\/374\/revisions\/375"}],"up":[{"embeddable":true,"href":"https:\/\/marcldufour.ca\/wplmd01\/index.php\/wp-json\/wp\/v2\/pages\/258"}],"wp:attachment":[{"href":"https:\/\/marcldufour.ca\/wplmd01\/index.php\/wp-json\/wp\/v2\/media?parent=374"}],"curies":[{"name":"wp","href":"https:\/\/api.w.org\/{rel}","templated":true}]}}