{"id":142,"date":"2020-01-18T01:27:55","date_gmt":"2020-01-18T06:27:55","guid":{"rendered":"http:\/\/marcldufour.ca\/wplmd01\/?page_id=142"},"modified":"2020-01-22T19:11:08","modified_gmt":"2020-01-23T00:11:08","slug":"fps03-fr","status":"publish","type":"page","link":"https:\/\/marcldufour.ca\/wplmd01\/index.php\/fps\/fps03-fr\/","title":{"rendered":"Diapositive 3"},"content":{"rendered":"\n<p><strong>&#8221;Soir\u00e9e \u00e0 l&#8217;op\u00e9rette&#8221;<\/strong> avec les M\u00e9lodistes de Brossard, l&#8217;OSDL et l&#8217;Atelier lyrique de l&#8217;op\u00e9ra de Montr\u00e9al sous la direction de Marc David le 2 mai 2019<\/p>\n","protected":false},"excerpt":{"rendered":"<p>&#8221;Soir\u00e9e \u00e0 l&#8217;op\u00e9rette&#8221; avec les M\u00e9lodistes de Brossard, l&#8217;OSDL et l&#8217;Atelier lyrique de l&#8217;op\u00e9ra de Montr\u00e9al sous la direction de Marc David le 2 mai 2019<\/p>\n","protected":false},"author":1,"featured_media":148,"parent":138,"menu_order":0,"comment_status":"closed","ping_status":"closed","template":"","meta":{"footnotes":""},"class_list":["post-142","page","type-page","status-publish","has-post-thumbnail","hentry"],"_links":{"self":[{"href":"https:\/\/marcldufour.ca\/wplmd01\/index.php\/wp-json\/wp\/v2\/pages\/142","targetHints":{"allow":["GET"]}}],"collection":[{"href":"https:\/\/marcldufour.ca\/wplmd01\/index.php\/wp-json\/wp\/v2\/pages"}],"about":[{"href":"https:\/\/marcldufour.ca\/wplmd01\/index.php\/wp-json\/wp\/v2\/types\/page"}],"author":[{"embeddable":true,"href":"https:\/\/marcldufour.ca\/wplmd01\/index.php\/wp-json\/wp\/v2\/users\/1"}],"replies":[{"embeddable":true,"href":"https:\/\/marcldufour.ca\/wplmd01\/index.php\/wp-json\/wp\/v2\/comments?post=142"}],"version-history":[{"count":4,"href":"https:\/\/marcldufour.ca\/wplmd01\/index.php\/wp-json\/wp\/v2\/pages\/142\/revisions"}],"predecessor-version":[{"id":308,"href":"https:\/\/marcldufour.ca\/wplmd01\/index.php\/wp-json\/wp\/v2\/pages\/142\/revisions\/308"}],"up":[{"embeddable":true,"href":"https:\/\/marcldufour.ca\/wplmd01\/index.php\/wp-json\/wp\/v2\/pages\/138"}],"wp:featuredmedia":[{"embeddable":true,"href":"https:\/\/marcldufour.ca\/wplmd01\/index.php\/wp-json\/wp\/v2\/media\/148"}],"wp:attachment":[{"href":"https:\/\/marcldufour.ca\/wplmd01\/index.php\/wp-json\/wp\/v2\/media?parent=142"}],"curies":[{"name":"wp","href":"https:\/\/api.w.org\/{rel}","templated":true}]}}