{"id":123,"date":"2020-01-17T20:44:27","date_gmt":"2020-01-18T01:44:27","guid":{"rendered":"http:\/\/marcldufour.ca\/wplmd01\/?page_id=123"},"modified":"2020-01-22T19:10:32","modified_gmt":"2020-01-23T00:10:32","slug":"fps2-fr","status":"publish","type":"page","link":"https:\/\/marcldufour.ca\/wplmd01\/index.php\/fps\/fps2-fr\/","title":{"rendered":"Diapositive 2"},"content":{"rendered":"\n<p><strong>&#8221;Quelque chose se passe quelque part l\u00e0 bas!&#8221;<\/strong><\/p>\n\n\n\n<p>Coucher du soleil \u00e0 Oban en \u00c9cosse le 24 septembre 2019.<\/p>\n","protected":false},"excerpt":{"rendered":"<p>&#8221;Quelque chose se passe quelque part l\u00e0 bas!&#8221; Coucher du soleil \u00e0 Oban en \u00c9cosse le 24 septembre 2019.<\/p>\n","protected":false},"author":1,"featured_media":103,"parent":138,"menu_order":0,"comment_status":"closed","ping_status":"closed","template":"","meta":{"footnotes":""},"class_list":["post-123","page","type-page","status-publish","has-post-thumbnail","hentry"],"_links":{"self":[{"href":"https:\/\/marcldufour.ca\/wplmd01\/index.php\/wp-json\/wp\/v2\/pages\/123","targetHints":{"allow":["GET"]}}],"collection":[{"href":"https:\/\/marcldufour.ca\/wplmd01\/index.php\/wp-json\/wp\/v2\/pages"}],"about":[{"href":"https:\/\/marcldufour.ca\/wplmd01\/index.php\/wp-json\/wp\/v2\/types\/page"}],"author":[{"embeddable":true,"href":"https:\/\/marcldufour.ca\/wplmd01\/index.php\/wp-json\/wp\/v2\/users\/1"}],"replies":[{"embeddable":true,"href":"https:\/\/marcldufour.ca\/wplmd01\/index.php\/wp-json\/wp\/v2\/comments?post=123"}],"version-history":[{"count":6,"href":"https:\/\/marcldufour.ca\/wplmd01\/index.php\/wp-json\/wp\/v2\/pages\/123\/revisions"}],"predecessor-version":[{"id":307,"href":"https:\/\/marcldufour.ca\/wplmd01\/index.php\/wp-json\/wp\/v2\/pages\/123\/revisions\/307"}],"up":[{"embeddable":true,"href":"https:\/\/marcldufour.ca\/wplmd01\/index.php\/wp-json\/wp\/v2\/pages\/138"}],"wp:featuredmedia":[{"embeddable":true,"href":"https:\/\/marcldufour.ca\/wplmd01\/index.php\/wp-json\/wp\/v2\/media\/103"}],"wp:attachment":[{"href":"https:\/\/marcldufour.ca\/wplmd01\/index.php\/wp-json\/wp\/v2\/media?parent=123"}],"curies":[{"name":"wp","href":"https:\/\/api.w.org\/{rel}","templated":true}]}}